{"id":2411,"date":"2023-11-03T14:54:24","date_gmt":"2023-11-03T13:54:24","guid":{"rendered":"https:\/\/vpsalestech.se\/?page_id=2411"},"modified":"2026-04-01T15:53:01","modified_gmt":"2026-04-01T13:53:01","slug":"retningslinjer-for-informasjonskapsler","status":"publish","type":"page","link":"https:\/\/vpsalestech.se\/nb\/cookiepolicy\/","title":{"rendered":"Retningslinjer for informasjonskapsler"},"content":{"rendered":"<div data-elementor-type=\"wp-page\" data-elementor-id=\"2411\" class=\"elementor elementor-2411\" data-elementor-post-type=\"page\">\n\t\t\t\t\t\t<section class=\"elementor-section elementor-top-section elementor-element elementor-element-49fa8cda elementor-section-boxed elementor-section-height-default elementor-section-height-default\" data-id=\"49fa8cda\" data-element_type=\"section\" data-e-type=\"section\" data-settings=\"{&quot;background_background&quot;:&quot;classic&quot;}\">\n\t\t\t\t\t\t<div class=\"elementor-container elementor-column-gap-no\">\n\t\t\t\t\t<div class=\"elementor-column elementor-col-100 elementor-top-column elementor-element elementor-element-2a577531\" data-id=\"2a577531\" data-element_type=\"column\" data-e-type=\"column\">\n\t\t\t<div class=\"elementor-widget-wrap elementor-element-populated\">\n\t\t\t\t\t\t<div class=\"elementor-element elementor-element-748454e5 elementor-widget elementor-widget-heading\" data-id=\"748454e5\" data-element_type=\"widget\" data-e-type=\"widget\" data-widget_type=\"heading.default\">\n\t\t\t\t<div class=\"elementor-widget-container\">\n\t\t\t\t\t<h1 class=\"elementor-heading-title elementor-size-default\">Retningslinjer for informasjonskapsler<\/h1>\t\t\t\t<\/div>\n\t\t\t\t<\/div>\n\t\t\t\t<div class=\"elementor-element elementor-element-a7a1561 elementor-widget elementor-widget-text-editor\" data-id=\"a7a1561\" data-element_type=\"widget\" data-e-type=\"widget\" data-widget_type=\"text-editor.default\">\n\t\t\t\t<div class=\"elementor-widget-container\">\n\t\t\t\t\t\t\t\t\t<p><b><span data-contrast=\"none\">Hva er informasjonskapsler?<\/span><\/b><span data-ccp-props=\"{&quot;201341983&quot;:0,&quot;335559739&quot;:160,&quot;335559740&quot;:259}\">\u00a0<\/span><\/p><p><span data-contrast=\"none\">Som det er vanlig p\u00e5 nesten alle profesjonelle nettsteder, bruker dette nettstedet \"informasjonskapsler\". Informasjonskapsler, cookies eller web beacons er sm\u00e5 filer som lastes ned til datamaskinen din for \u00e5 forbedre opplevelsen din p\u00e5 nettstedet. Denne siden beskriver hvilken informasjon de samler inn, hvordan vi bruker den, og hvorfor vi noen ganger m\u00e5 lagre disse informasjonskapslene. Vi forklarer ogs\u00e5 hvordan du kan forhindre at disse informasjonskapslene lagres, men dette kan nedgradere eller \"\u00f8delegge\" enkelte elementer av nettstedets funksjonalitet. Du kan lese mer om hva informasjonskapsler er p\u00e5 <\/span><a href=\"https:\/\/sv.wikipedia.org\/wiki\/Webbkaka\" target=\"_blank\" rel=\"noopener\"><span data-contrast=\"none\">Wikiepedia<\/span><\/a><span data-contrast=\"none\">.<\/span><span data-ccp-props=\"{&quot;201341983&quot;:0,&quot;335559739&quot;:160,&quot;335559740&quot;:259}\">\u00a0<\/span><\/p><p><b><span data-contrast=\"none\">Slik bruker vi informasjonskapsler<\/span><\/b><span data-ccp-props=\"{&quot;201341983&quot;:0,&quot;335559739&quot;:160,&quot;335559740&quot;:259}\">\u00a0<\/span><\/p><p><span data-contrast=\"none\">Vi bruker informasjonskapsler av en rekke \u00e5rsaker som er beskrevet nedenfor. Dessverre finnes det i de fleste tilfeller ingen industristandardalternativer for \u00e5 deaktivere informasjonskapsler uten \u00e5 fullstendig deaktivere funksjonaliteten og funksjonene de tilf\u00f8rer dette nettstedet. Vi anbefaler at du lar alle informasjonskapsler v\u00e6re p\u00e5 hvis du er usikker p\u00e5 om du trenger dem for \u00e5 kunne bruke en tjeneste du bruker.<\/span><span data-ccp-props=\"{&quot;201341983&quot;:0,&quot;335559739&quot;:160,&quot;335559740&quot;:259}\">\u00a0<\/span><\/p><p><b><span data-contrast=\"none\">Deaktiver informasjonskapsler<\/span><\/b><span data-ccp-props=\"{&quot;201341983&quot;:0,&quot;335559739&quot;:160,&quot;335559740&quot;:259}\">\u00a0<\/span><\/p><p><span data-contrast=\"none\">Du kan forhindre at informasjonskapsler lagres ved \u00e5 justere innstillingene i nettleseren din (se nettleserens hjelp for hvordan du gj\u00f8r dette). V\u00e6r oppmerksom p\u00e5 at deaktivering av informasjonskapsler vil p\u00e5virke funksjonaliteten til dette og mange andre nettsteder du bes\u00f8ker. Deaktivering av informasjonskapsler vil vanligvis f\u00f8re til at enkelte funksjoner p\u00e5 dette og andre nettsteder blir nedgradert eller helt \u00f8delagt. Derfor anbefales det at du ikke deaktiverer informasjonskapsler.\u00a0<\/span><span data-ccp-props=\"{&quot;201341983&quot;:0,&quot;335559739&quot;:160,&quot;335559740&quot;:259}\">\u00a0<\/span><\/p><p><b><span data-contrast=\"none\">Informasjonskapsler vi setter<\/span><\/b><span data-ccp-props=\"{&quot;201341983&quot;:0,&quot;335559739&quot;:160,&quot;335559740&quot;:259}\">\u00a0<\/span><\/p><p><b><span data-contrast=\"none\">Skjemarelaterte informasjonskapsler<\/span><\/b><span data-ccp-props=\"{&quot;201341983&quot;:0,&quot;335559739&quot;:160,&quot;335559740&quot;:259}\">\u00a0<\/span><\/p><p><span data-contrast=\"none\">N\u00e5r du sender inn data via et skjema, for eksempel p\u00e5 kontaktsider eller kommentarskjemaer, kan det settes informasjonskapsler for \u00e5 huske brukeropplysningene dine for fremtidig korrespondanse.<\/span><span data-ccp-props=\"{&quot;201341983&quot;:0,&quot;335559739&quot;:160,&quot;335559740&quot;:259}\">\u00a0<\/span><\/p><p><b><span data-contrast=\"none\">Tredjeparts informasjonskapsler<\/span><\/b><span data-ccp-props=\"{&quot;201341983&quot;:0,&quot;335559739&quot;:160,&quot;335559740&quot;:259}\">\u00a0<\/span><\/p><p><span data-contrast=\"none\">I noen spesielle tilfeller bruker vi ogs\u00e5 informasjonskapsler fra betrodde tredjeparter. I det f\u00f8lgende beskrives hvilke tredjeparts informasjonskapsler du kan st\u00f8te p\u00e5 via dette nettstedet.<\/span><span data-ccp-props=\"{&quot;201341983&quot;:0,&quot;335559739&quot;:160,&quot;335559740&quot;:259}\">\u00a0<\/span><\/p><p><span data-contrast=\"none\">Dette nettstedet bruker Google Analytics, som er en av de mest utbredte og p\u00e5litelige analysel\u00f8sningene p\u00e5 nettet, for \u00e5 hjelpe oss med \u00e5 forst\u00e5 hvordan du bruker nettstedet og hvordan vi kan forbedre opplevelsen din. Disse informasjonskapslene kan spore ting som hvor lang tid du bruker p\u00e5 nettstedet og hvilke sider du bes\u00f8ker, slik at vi kan fortsette \u00e5 produsere engasjerende innhold.<\/span><span data-ccp-props=\"{&quot;201341983&quot;:0,&quot;335559739&quot;:160,&quot;335559740&quot;:259}\">\u00a0<\/span><\/p><p><span data-contrast=\"none\">For mer informasjon om Google Analytics-informasjonskapsler, se den offisielle Google Analytics-siden.<\/span><span data-ccp-props=\"{&quot;201341983&quot;:0,&quot;335559739&quot;:160,&quot;335559740&quot;:259}\">\u00a0<\/span><\/p><p><span data-contrast=\"none\">Tredjepartsanalyse brukes til \u00e5 spore og m\u00e5le bruken av dette nettstedet, slik at vi kan fortsette \u00e5 produsere engasjerende innhold. Disse informasjonskapslene kan spore ting som hvor lang tid du bruker p\u00e5 nettstedet eller sidene du bes\u00f8ker, noe som hjelper oss \u00e5 forst\u00e5 hvordan vi kan forbedre nettstedet for deg.<\/span><span data-ccp-props=\"{&quot;201341983&quot;:0,&quot;335559739&quot;:160,&quot;335559740&quot;:259}\">\u00a0<\/span><\/p><p><span data-contrast=\"none\">N\u00e5r\/hvis vi selger produkter, er det viktig for oss \u00e5 f\u00e5 statistikk over hvor mange av de bes\u00f8kende p\u00e5 nettstedet v\u00e5rt som faktisk gjennomf\u00f8rer et kj\u00f8p, og det er denne typen data som disse informasjonskapslene vil spore. Dette er viktig for deg, ettersom det betyr at vi kan gj\u00f8re n\u00f8yaktige forretningsprognoser, noe som gj\u00f8r det mulig for oss \u00e5 overv\u00e5ke annonserings- og produktkostnadene v\u00e5re for \u00e5 sikre best mulig pris.<\/span><span data-ccp-props=\"{&quot;201341983&quot;:0,&quot;335559739&quot;:160,&quot;335559740&quot;:259}\">\u00a0<\/span><\/p><p><b><span data-contrast=\"none\">Mer informasjon<\/span><\/b><span data-ccp-props=\"{&quot;201341983&quot;:0,&quot;335559739&quot;:160,&quot;335559740&quot;:259}\">\u00a0<\/span><\/p><p><span data-contrast=\"none\">Forh\u00e5pentligvis har dette oppklart ting for deg, og som tidligere nevnt, hvis det er noe du ikke er sikker p\u00e5 om du trenger eller ikke, er det vanligvis tryggere \u00e5 la informasjonskapsler v\u00e6re aktivert. Hvis du likevel \u00f8nsker mer informasjon, kan du kontakte oss via en av v\u00e5re foretrukne kontaktmetoder:<\/span><span data-ccp-props=\"{&quot;201341983&quot;:0,&quot;335559739&quot;:160,&quot;335559740&quot;:259}\">\u00a0<\/span><\/p>\t\t\t\t\t\t\t\t<\/div>\n\t\t\t\t<\/div>\n\t\t\t\t<div class=\"elementor-element elementor-element-d32e8f5 elementor-align-center elementor-widget elementor-widget-button\" data-id=\"d32e8f5\" data-element_type=\"widget\" data-e-type=\"widget\" data-widget_type=\"button.default\">\n\t\t\t\t<div class=\"elementor-widget-container\">\n\t\t\t\t\t\t\t\t\t<div class=\"elementor-button-wrapper\">\n\t\t\t\t\t<a class=\"elementor-button elementor-button-link elementor-size-sm\" href=\"\/nb\/kontakt\/\">\n\t\t\t\t\t\t<span class=\"elementor-button-content-wrapper\">\n\t\t\t\t\t\t\t\t\t<span class=\"elementor-button-text\">Kontakt oss p\u00e5<\/span>\n\t\t\t\t\t<\/span>\n\t\t\t\t\t<\/a>\n\t\t\t\t<\/div>\n\t\t\t\t\t\t\t\t<\/div>\n\t\t\t\t<\/div>\n\t\t\t\t\t<\/div>\n\t\t<\/div>\n\t\t\t\t\t<\/div>\n\t\t<\/section>\n\t\t\t\t<\/div>","protected":false},"excerpt":{"rendered":"<p>Cookiepolicy Vad \u00e4r cookies\u00a0 Som \u00e4r vanligt med n\u00e4stan alla professionella webbplatser anv\u00e4nder denna webbplats \u201ccookies\u201d. Cookies, kakor eller webbkakor \u00e4r sm\u00e5 filer som laddas ner till din dator f\u00f6r att f\u00f6rb\u00e4ttra din upplevelse p\u00e5 webbplatsen. Den h\u00e4r sidan beskriver vilken information de samlar in, hur vi anv\u00e4nder den och varf\u00f6r vi ibland beh\u00f6ver lagra [&hellip;]<\/p>\n","protected":false},"author":6,"featured_media":0,"parent":0,"menu_order":0,"comment_status":"closed","ping_status":"closed","template":"","meta":{"site-sidebar-layout":"no-sidebar","site-content-layout":"page-builder","ast-site-content-layout":"full-width-container","site-content-style":"default","site-sidebar-style":"default","ast-global-header-display":"","ast-banner-title-visibility":"","ast-main-header-display":"","ast-hfb-above-header-display":"","ast-hfb-below-header-display":"","ast-hfb-mobile-header-display":"","site-post-title":"disabled","ast-breadcrumbs-content":"","ast-featured-img":"disabled","footer-sml-layout":"","ast-disable-related-posts":"","theme-transparent-header-meta":"","adv-header-id-meta":"","stick-header-meta":"","header-above-stick-meta":"","header-main-stick-meta":"","header-below-stick-meta":"","astra-migrate-meta-layouts":"set","ast-page-background-enabled":"default","ast-page-background-meta":{"desktop":{"background-color":"","background-image":"","background-repeat":"repeat","background-position":"center center","background-size":"auto","background-attachment":"scroll","background-type":"","background-media":"","overlay-type":"","overlay-color":"","overlay-opacity":"","overlay-gradient":""},"tablet":{"background-color":"","background-image":"","background-repeat":"repeat","background-position":"center center","background-size":"auto","background-attachment":"scroll","background-type":"","background-media":"","overlay-type":"","overlay-color":"","overlay-opacity":"","overlay-gradient":""},"mobile":{"background-color":"","background-image":"","background-repeat":"repeat","background-position":"center center","background-size":"auto","background-attachment":"scroll","background-type":"","background-media":"","overlay-type":"","overlay-color":"","overlay-opacity":"","overlay-gradient":""}},"ast-content-background-meta":{"desktop":{"background-color":"var(--ast-global-color-5)","background-image":"","background-repeat":"repeat","background-position":"center center","background-size":"auto","background-attachment":"scroll","background-type":"","background-media":"","overlay-type":"","overlay-color":"","overlay-opacity":"","overlay-gradient":""},"tablet":{"background-color":"var(--ast-global-color-5)","background-image":"","background-repeat":"repeat","background-position":"center center","background-size":"auto","background-attachment":"scroll","background-type":"","background-media":"","overlay-type":"","overlay-color":"","overlay-opacity":"","overlay-gradient":""},"mobile":{"background-color":"var(--ast-global-color-5)","background-image":"","background-repeat":"repeat","background-position":"center center","background-size":"auto","background-attachment":"scroll","background-type":"","background-media":"","overlay-type":"","overlay-color":"","overlay-opacity":"","overlay-gradient":""}},"footnotes":""},"class_list":["post-2411","page","type-page","status-publish","hentry"],"_links":{"self":[{"href":"https:\/\/vpsalestech.se\/nb\/wp-json\/wp\/v2\/pages\/2411","targetHints":{"allow":["GET"]}}],"collection":[{"href":"https:\/\/vpsalestech.se\/nb\/wp-json\/wp\/v2\/pages"}],"about":[{"href":"https:\/\/vpsalestech.se\/nb\/wp-json\/wp\/v2\/types\/page"}],"author":[{"embeddable":true,"href":"https:\/\/vpsalestech.se\/nb\/wp-json\/wp\/v2\/users\/6"}],"replies":[{"embeddable":true,"href":"https:\/\/vpsalestech.se\/nb\/wp-json\/wp\/v2\/comments?post=2411"}],"version-history":[{"count":5,"href":"https:\/\/vpsalestech.se\/nb\/wp-json\/wp\/v2\/pages\/2411\/revisions"}],"predecessor-version":[{"id":7180,"href":"https:\/\/vpsalestech.se\/nb\/wp-json\/wp\/v2\/pages\/2411\/revisions\/7180"}],"wp:attachment":[{"href":"https:\/\/vpsalestech.se\/nb\/wp-json\/wp\/v2\/media?parent=2411"}],"curies":[{"name":"wp","href":"https:\/\/api.w.org\/{rel}","templated":true}]}}