{"id":1871,"date":"2023-11-02T11:25:27","date_gmt":"2023-11-02T10:25:27","guid":{"rendered":"https:\/\/vpsalestech.se\/?page_id=1871"},"modified":"2026-04-01T15:54:41","modified_gmt":"2026-04-01T13:54:41","slug":"smart-kulde","status":"publish","type":"page","link":"https:\/\/vpsalestech.se\/nb\/smartkyl\/","title":{"rendered":"smart kulde"},"content":{"rendered":"\t\t<div data-elementor-type=\"wp-page\" data-elementor-id=\"1871\" class=\"elementor elementor-1871\" data-elementor-post-type=\"page\">\n\t\t\t\t\t\t<section class=\"elementor-section elementor-top-section elementor-element elementor-element-73973fc7 elementor-section-height-min-height elementor-section-content-middle elementor-section-boxed elementor-section-height-default elementor-section-items-middle\" data-id=\"73973fc7\" data-element_type=\"section\" data-e-type=\"section\" data-settings=\"{&quot;background_background&quot;:&quot;classic&quot;}\">\n\t\t\t\t\t\t\t<div class=\"elementor-background-overlay\"><\/div>\n\t\t\t\t\t\t\t<div class=\"elementor-container elementor-column-gap-no\">\n\t\t\t\t\t<div class=\"elementor-column elementor-col-100 elementor-top-column elementor-element elementor-element-19acd8f0\" data-id=\"19acd8f0\" data-element_type=\"column\" data-e-type=\"column\">\n\t\t\t<div class=\"elementor-widget-wrap elementor-element-populated\">\n\t\t\t\t\t\t<div class=\"elementor-element elementor-element-2ba27c07 elementor-widget elementor-widget-heading\" data-id=\"2ba27c07\" data-element_type=\"widget\" data-e-type=\"widget\" data-widget_type=\"heading.default\">\n\t\t\t\t<div class=\"elementor-widget-container\">\n\t\t\t\t\t<h1 class=\"elementor-heading-title elementor-size-default\">Smartkyl<\/h1>\t\t\t\t<\/div>\n\t\t\t\t<\/div>\n\t\t\t\t<div class=\"elementor-element elementor-element-5573242b elementor-widget elementor-widget-heading\" data-id=\"5573242b\" data-element_type=\"widget\" data-e-type=\"widget\" data-widget_type=\"heading.default\">\n\t\t\t\t<div class=\"elementor-widget-container\">\n\t\t\t\t\t<h5 class=\"elementor-heading-title elementor-size-default\">Betalsystem<\/h5>\t\t\t\t<\/div>\n\t\t\t\t<\/div>\n\t\t\t\t\t<\/div>\n\t\t<\/div>\n\t\t\t\t\t<\/div>\n\t\t<\/section>\n\t\t\t\t<section class=\"elementor-section elementor-top-section elementor-element elementor-element-bf9f553 elementor-hidden-mobile elementor-section-boxed elementor-section-height-default elementor-section-height-default\" data-id=\"bf9f553\" data-element_type=\"section\" data-e-type=\"section\" data-settings=\"{&quot;background_background&quot;:&quot;classic&quot;}\">\n\t\t\t\t\t\t<div class=\"elementor-container elementor-column-gap-default\">\n\t\t\t\t\t<div class=\"elementor-column elementor-col-66 elementor-top-column elementor-element elementor-element-9c7e115\" data-id=\"9c7e115\" data-element_type=\"column\" data-e-type=\"column\">\n\t\t\t<div class=\"elementor-widget-wrap\">\n\t\t\t\t\t\t\t<\/div>\n\t\t<\/div>\n\t\t\t\t<div class=\"elementor-column elementor-col-33 elementor-top-column elementor-element elementor-element-fe1167b\" data-id=\"fe1167b\" data-element_type=\"column\" data-e-type=\"column\">\n\t\t\t<div class=\"elementor-widget-wrap elementor-element-populated\">\n\t\t\t\t\t\t<div class=\"elementor-element elementor-element-fb0a3b3 elementor-widget elementor-widget-image\" data-id=\"fb0a3b3\" data-element_type=\"widget\" data-e-type=\"widget\" data-widget_type=\"image.default\">\n\t\t\t\t<div class=\"elementor-widget-container\">\n\t\t\t\t\t\t\t\t\t\t\t\t\t\t\t<img fetchpriority=\"high\" decoding=\"async\" width=\"1000\" height=\"1000\" src=\"https:\/\/vpsalestech.se\/wp-content\/uploads\/2023\/11\/vpos-touch-1.png\" class=\"attachment-large size-large wp-image-2317\" alt=\"\" srcset=\"https:\/\/vpsalestech.se\/wp-content\/uploads\/2023\/11\/vpos-touch-1.png 1000w, https:\/\/vpsalestech.se\/wp-content\/uploads\/2023\/11\/vpos-touch-1-300x300.png 300w, https:\/\/vpsalestech.se\/wp-content\/uploads\/2023\/11\/vpos-touch-1-100x100.png 100w, https:\/\/vpsalestech.se\/wp-content\/uploads\/2023\/11\/vpos-touch-1-600x600.png 600w, https:\/\/vpsalestech.se\/wp-content\/uploads\/2023\/11\/vpos-touch-1-150x150.png 150w, https:\/\/vpsalestech.se\/wp-content\/uploads\/2023\/11\/vpos-touch-1-768x768.png 768w\" sizes=\"(max-width: 1000px) 100vw, 1000px\" \/>\t\t\t\t\t\t\t\t\t\t\t\t\t\t\t<\/div>\n\t\t\t\t<\/div>\n\t\t\t\t\t<\/div>\n\t\t<\/div>\n\t\t\t\t\t<\/div>\n\t\t<\/section>\n\t\t\t\t<section class=\"elementor-section elementor-top-section elementor-element elementor-element-6273d398 elementor-section-boxed elementor-section-height-default elementor-section-height-default\" data-id=\"6273d398\" data-element_type=\"section\" data-e-type=\"section\" data-settings=\"{&quot;background_background&quot;:&quot;classic&quot;}\">\n\t\t\t\t\t\t<div class=\"elementor-container elementor-column-gap-default\">\n\t\t\t\t\t<div class=\"elementor-column elementor-col-50 elementor-top-column elementor-element elementor-element-2db61073\" data-id=\"2db61073\" data-element_type=\"column\" data-e-type=\"column\">\n\t\t\t<div class=\"elementor-widget-wrap elementor-element-populated\">\n\t\t\t\t\t\t<div class=\"elementor-element elementor-element-2257a127 elementor-widget elementor-widget-heading\" data-id=\"2257a127\" data-element_type=\"widget\" data-e-type=\"widget\" data-widget_type=\"heading.default\">\n\t\t\t\t<div class=\"elementor-widget-container\">\n\t\t\t\t\t<h2 class=\"elementor-heading-title elementor-size-default\">Se v\u00e5ra betall\u00f6sningar f\u00f6r smartkyl<\/h2>\t\t\t\t<\/div>\n\t\t\t\t<\/div>\n\t\t\t\t<div class=\"elementor-element elementor-element-fade681 elementor-widget elementor-widget-text-editor\" data-id=\"fade681\" data-element_type=\"widget\" data-e-type=\"widget\" data-widget_type=\"text-editor.default\">\n\t\t\t\t<div class=\"elementor-widget-container\">\n\t\t\t\t\t\t\t\t\t<p class=\"font_8 wixui-rich-text__text\"><span class=\"color_15 wixui-rich-text__text\">I en smart microbutik \u00f6ppnar kunden bara d\u00f6rren efter att ha blippat sitt betalkort, k\u00e4nner och kl\u00e4mmer p\u00e5 varorna och st\u00e4nger sedan d\u00f6rren. Smartkylen eller smartfrysen k\u00e4nner av vilka varor som tagits och debiterar kortet. Enkelt och smidigt.<\/span><\/p><p class=\"font_8 wixui-rich-text__text\"><span class=\"color_15 wixui-rich-text__text\">\u200b<\/span><span class=\"color_15 wixui-rich-text__text\">Den supersmarta tekniken l\u00e5ter dig dessutom g\u00f6ra priskampanjer, rabattera produkter n\u00e4ra utg\u00e5ngsdatum och kommunicera med kunden via en stor sk\u00e4rm. Smart!<\/span><\/p>\t\t\t\t\t\t\t\t<\/div>\n\t\t\t\t<\/div>\n\t\t\t\t<div class=\"elementor-element elementor-element-37b4dacb elementor-align-justify elementor-hidden-desktop elementor-widget elementor-widget-button\" data-id=\"37b4dacb\" data-element_type=\"widget\" data-e-type=\"widget\" data-widget_type=\"button.default\">\n\t\t\t\t<div class=\"elementor-widget-container\">\n\t\t\t\t\t\t\t\t\t<div class=\"elementor-button-wrapper\">\n\t\t\t\t\t<a class=\"elementor-button elementor-button-link elementor-size-sm\" href=\"https:\/\/vpsalestech.se\/kontakt\/\">\n\t\t\t\t\t\t<span class=\"elementor-button-content-wrapper\">\n\t\t\t\t\t\t\t\t\t<span class=\"elementor-button-text\">Kontakta oss idag<\/span>\n\t\t\t\t\t<\/span>\n\t\t\t\t\t<\/a>\n\t\t\t\t<\/div>\n\t\t\t\t\t\t\t\t<\/div>\n\t\t\t\t<\/div>\n\t\t\t\t<div class=\"elementor-element elementor-element-53deab4d elementor-widget elementor-widget-video\" data-id=\"53deab4d\" data-element_type=\"widget\" data-e-type=\"widget\" data-settings=\"{&quot;youtube_url&quot;:&quot;https:\\\/\\\/www.youtube.com\\\/watch?v=A1lQyajLI-4&quot;,&quot;video_type&quot;:&quot;youtube&quot;,&quot;controls&quot;:&quot;yes&quot;}\" data-widget_type=\"video.default\">\n\t\t\t\t<div class=\"elementor-widget-container\">\n\t\t\t\t\t\t\t<div class=\"elementor-wrapper elementor-open-inline\">\n\t\t\t<div class=\"elementor-video\"><\/div>\t\t<\/div>\n\t\t\t\t\t\t<\/div>\n\t\t\t\t<\/div>\n\t\t\t\t<div class=\"elementor-element elementor-element-28226ea elementor-widget elementor-widget-gallery\" data-id=\"28226ea\" data-element_type=\"widget\" data-e-type=\"widget\" data-settings=\"{&quot;columns&quot;:3,&quot;lazyload&quot;:&quot;yes&quot;,&quot;gallery_layout&quot;:&quot;grid&quot;,&quot;columns_tablet&quot;:2,&quot;columns_mobile&quot;:1,&quot;gap&quot;:{&quot;unit&quot;:&quot;px&quot;,&quot;size&quot;:10,&quot;sizes&quot;:[]},&quot;gap_tablet&quot;:{&quot;unit&quot;:&quot;px&quot;,&quot;size&quot;:10,&quot;sizes&quot;:[]},&quot;gap_mobile&quot;:{&quot;unit&quot;:&quot;px&quot;,&quot;size&quot;:10,&quot;sizes&quot;:[]},&quot;link_to&quot;:&quot;file&quot;,&quot;aspect_ratio&quot;:&quot;3:2&quot;,&quot;content_hover_animation&quot;:&quot;fade-in&quot;}\" data-widget_type=\"gallery.default\">\n\t\t\t\t<div class=\"elementor-widget-container\">\n\t\t\t\t\t\t\t<div class=\"elementor-gallery__container\">\n\t\t\t\t\t\t\t<a class=\"e-gallery-item elementor-gallery-item elementor-animated-content\" href=\"https:\/\/vpsalestech.se\/wp-content\/uploads\/2023\/11\/Bravikens-Padel.jpg\" data-elementor-open-lightbox=\"yes\" data-elementor-lightbox-slideshow=\"28226ea\" data-elementor-lightbox-title=\"Bravikens Padel\" data-elementor-lightbox-description=\"Bravikens Padel\" data-e-action-hash=\"#elementor-action%3Aaction%3Dlightbox%26settings%3DeyJpZCI6MjQ5OSwidXJsIjoiaHR0cHM6XC9cL3Zwc2FsZXN0ZWNoLnNlXC93cC1jb250ZW50XC91cGxvYWRzXC8yMDIzXC8xMVwvQnJhdmlrZW5zLVBhZGVsLmpwZyIsInNsaWRlc2hvdyI6IjI4MjI2ZWEifQ%3D%3D\">\n\t\t\t\t\t<div class=\"e-gallery-image elementor-gallery-item__image\" data-thumbnail=\"https:\/\/vpsalestech.se\/wp-content\/uploads\/2023\/11\/Bravikens-Padel.jpg\" data-width=\"768\" data-height=\"1024\" aria-label=\"Bravikens Padel\" role=\"img\" ><\/div>\n\t\t\t\t\t\t\t\t\t\t\t\t\t\t<\/a>\n\t\t\t\t\t\t\t<a class=\"e-gallery-item elementor-gallery-item elementor-animated-content\" href=\"https:\/\/vpsalestech.se\/wp-content\/uploads\/2023\/11\/spotify.webp\" data-elementor-open-lightbox=\"yes\" data-elementor-lightbox-slideshow=\"28226ea\" data-elementor-lightbox-title=\"spotify\" data-elementor-lightbox-description=\"spotify\" data-e-action-hash=\"#elementor-action%3Aaction%3Dlightbox%26settings%3DeyJpZCI6MjUwNiwidXJsIjoiaHR0cHM6XC9cL3Zwc2FsZXN0ZWNoLnNlXC93cC1jb250ZW50XC91cGxvYWRzXC8yMDIzXC8xMVwvc3BvdGlmeS53ZWJwIiwic2xpZGVzaG93IjoiMjgyMjZlYSJ9\">\n\t\t\t\t\t<div class=\"e-gallery-image elementor-gallery-item__image\" data-thumbnail=\"https:\/\/vpsalestech.se\/wp-content\/uploads\/2023\/11\/spotify.webp\" data-width=\"1442\" data-height=\"1250\" aria-label=\"spotify\" role=\"img\" ><\/div>\n\t\t\t\t\t\t\t\t\t\t\t\t\t\t<\/a>\n\t\t\t\t\t\t\t<a class=\"e-gallery-item elementor-gallery-item elementor-animated-content\" href=\"https:\/\/vpsalestech.se\/wp-content\/uploads\/2023\/11\/Smartkyl-narbild-scaled.jpg\" data-elementor-open-lightbox=\"yes\" data-elementor-lightbox-slideshow=\"28226ea\" data-elementor-lightbox-title=\"Smartkyl narbild scaled\" data-elementor-lightbox-description=\"Smartkyl narbild scaled\" data-e-action-hash=\"#elementor-action%3Aaction%3Dlightbox%26settings%3DeyJpZCI6MjUwNCwidXJsIjoiaHR0cHM6XC9cL3Zwc2FsZXN0ZWNoLnNlXC93cC1jb250ZW50XC91cGxvYWRzXC8yMDIzXC8xMVwvU21hcnRreWwtbmFyYmlsZC1zY2FsZWQuanBnIiwic2xpZGVzaG93IjoiMjgyMjZlYSJ9\">\n\t\t\t\t\t<div class=\"e-gallery-image elementor-gallery-item__image\" data-thumbnail=\"https:\/\/vpsalestech.se\/wp-content\/uploads\/2023\/11\/Smartkyl-narbild-scaled.jpg\" data-width=\"2560\" data-height=\"1707\" aria-label=\"Smartkyl narbild scaled\" role=\"img\" ><\/div>\n\t\t\t\t\t\t\t\t\t\t\t\t\t\t<\/a>\n\t\t\t\t\t\t\t<a class=\"e-gallery-item elementor-gallery-item elementor-animated-content\" href=\"https:\/\/vpsalestech.se\/wp-content\/uploads\/2023\/11\/Kyl_Frys_Skap-scaled.jpg\" data-elementor-open-lightbox=\"yes\" data-elementor-lightbox-slideshow=\"28226ea\" data-elementor-lightbox-title=\"Kyl Frys Skap scaled\" data-elementor-lightbox-description=\"Kyl Frys Skap scaled\" data-e-action-hash=\"#elementor-action%3Aaction%3Dlightbox%26settings%3DeyJpZCI6MjUwMywidXJsIjoiaHR0cHM6XC9cL3Zwc2FsZXN0ZWNoLnNlXC93cC1jb250ZW50XC91cGxvYWRzXC8yMDIzXC8xMVwvS3lsX0ZyeXNfU2thcC1zY2FsZWQuanBnIiwic2xpZGVzaG93IjoiMjgyMjZlYSJ9\">\n\t\t\t\t\t<div class=\"e-gallery-image elementor-gallery-item__image\" data-thumbnail=\"https:\/\/vpsalestech.se\/wp-content\/uploads\/2023\/11\/Kyl_Frys_Skap-scaled.jpg\" data-width=\"2560\" data-height=\"1579\" aria-label=\"Kyl Frys Skap scaled\" role=\"img\" ><\/div>\n\t\t\t\t\t\t\t\t\t\t\t\t\t\t<\/a>\n\t\t\t\t\t\t\t<a class=\"e-gallery-item elementor-gallery-item elementor-animated-content\" href=\"https:\/\/vpsalestech.se\/wp-content\/uploads\/2023\/11\/IF-3-kylar-kontorsmilj-scaled.jpg\" data-elementor-open-lightbox=\"yes\" data-elementor-lightbox-slideshow=\"28226ea\" data-elementor-lightbox-title=\"IF 3 kylar kontorsmilj scaled\" data-elementor-lightbox-description=\"IF 3 kylar kontorsmilj scaled\" data-e-action-hash=\"#elementor-action%3Aaction%3Dlightbox%26settings%3DeyJpZCI6MjUwMSwidXJsIjoiaHR0cHM6XC9cL3Zwc2FsZXN0ZWNoLnNlXC93cC1jb250ZW50XC91cGxvYWRzXC8yMDIzXC8xMVwvSUYtMy1reWxhci1rb250b3JzbWlsai1zY2FsZWQuanBnIiwic2xpZGVzaG93IjoiMjgyMjZlYSJ9\">\n\t\t\t\t\t<div class=\"e-gallery-image elementor-gallery-item__image\" data-thumbnail=\"https:\/\/vpsalestech.se\/wp-content\/uploads\/2023\/11\/IF-3-kylar-kontorsmilj-scaled.jpg\" data-width=\"2560\" data-height=\"1579\" aria-label=\"Smartkyl med RFID-teknik f\u00f6r obemannad f\u00f6rs\u00e4ljning \u2013 VP Salestech\" role=\"img\" ><\/div>\n\t\t\t\t\t\t\t\t\t\t\t\t\t\t<\/a>\n\t\t\t\t\t\t\t<a class=\"e-gallery-item elementor-gallery-item elementor-animated-content\" href=\"https:\/\/vpsalestech.se\/wp-content\/uploads\/2023\/11\/Catering-av-egen-producerad-mat-scaled.jpg\" data-elementor-open-lightbox=\"yes\" data-elementor-lightbox-slideshow=\"28226ea\" data-elementor-lightbox-title=\"Catering av egen producerad mat scaled\" data-elementor-lightbox-description=\"Catering av egen producerad mat scaled\" data-e-action-hash=\"#elementor-action%3Aaction%3Dlightbox%26settings%3DeyJpZCI6MjUwMCwidXJsIjoiaHR0cHM6XC9cL3Zwc2FsZXN0ZWNoLnNlXC93cC1jb250ZW50XC91cGxvYWRzXC8yMDIzXC8xMVwvQ2F0ZXJpbmctYXYtZWdlbi1wcm9kdWNlcmFkLW1hdC1zY2FsZWQuanBnIiwic2xpZGVzaG93IjoiMjgyMjZlYSJ9\">\n\t\t\t\t\t<div class=\"e-gallery-image elementor-gallery-item__image\" data-thumbnail=\"https:\/\/vpsalestech.se\/wp-content\/uploads\/2023\/11\/Catering-av-egen-producerad-mat-scaled.jpg\" data-width=\"1920\" data-height=\"2560\" aria-label=\"Catering av egen producerad mat scaled\" role=\"img\" ><\/div>\n\t\t\t\t\t\t\t\t\t\t\t\t\t\t<\/a>\n\t\t\t\t\t<\/div>\n\t\t\t\t\t<\/div>\n\t\t\t\t<\/div>\n\t\t\t\t\t<\/div>\n\t\t<\/div>\n\t\t\t\t<div class=\"elementor-column elementor-col-50 elementor-top-column elementor-element elementor-element-38e30ac5 elementor-hidden-tablet elementor-hidden-mobile\" data-id=\"38e30ac5\" data-element_type=\"column\" data-e-type=\"column\">\n\t\t\t<div class=\"elementor-widget-wrap elementor-element-populated\">\n\t\t\t\t\t\t<section class=\"elementor-section elementor-inner-section elementor-element elementor-element-7ce4ad90 elementor-section-boxed elementor-section-height-default elementor-section-height-default\" data-id=\"7ce4ad90\" data-element_type=\"section\" data-e-type=\"section\" data-settings=\"{&quot;sticky&quot;:&quot;top&quot;,&quot;sticky_offset&quot;:150,&quot;sticky_parent&quot;:&quot;yes&quot;,&quot;sticky_on&quot;:[&quot;desktop&quot;,&quot;tablet&quot;,&quot;mobile&quot;],&quot;sticky_effects_offset&quot;:0,&quot;sticky_anchor_link_offset&quot;:0}\">\n\t\t\t\t\t\t<div class=\"elementor-container elementor-column-gap-default\">\n\t\t\t\t\t<div class=\"elementor-column elementor-col-100 elementor-inner-column elementor-element elementor-element-20553788\" data-id=\"20553788\" data-element_type=\"column\" data-e-type=\"column\">\n\t\t\t<div class=\"elementor-widget-wrap elementor-element-populated\">\n\t\t\t\t\t\t<div class=\"elementor-element elementor-element-58d77bc elementor-widget elementor-widget-image\" data-id=\"58d77bc\" data-element_type=\"widget\" data-e-type=\"widget\" data-widget_type=\"image.default\">\n\t\t\t\t<div class=\"elementor-widget-container\">\n\t\t\t\t\t\t\t\t\t\t\t\t\t\t\t<img decoding=\"async\" width=\"250\" height=\"250\" src=\"https:\/\/vpsalestech.se\/wp-content\/uploads\/2023\/11\/VP-icon.png\" class=\"attachment-large size-large wp-image-13\" alt=\"VP icon\" srcset=\"https:\/\/vpsalestech.se\/wp-content\/uploads\/2023\/11\/VP-icon.png 250w, https:\/\/vpsalestech.se\/wp-content\/uploads\/2023\/11\/VP-icon-100x100.png 100w, https:\/\/vpsalestech.se\/wp-content\/uploads\/2023\/11\/VP-icon-150x150.png 150w\" sizes=\"(max-width: 250px) 100vw, 250px\" \/>\t\t\t\t\t\t\t\t\t\t\t\t\t\t\t<\/div>\n\t\t\t\t<\/div>\n\t\t\t\t<div class=\"elementor-element elementor-element-103f56ac elementor-widget elementor-widget-heading\" data-id=\"103f56ac\" data-element_type=\"widget\" data-e-type=\"widget\" data-widget_type=\"heading.default\">\n\t\t\t\t<div class=\"elementor-widget-container\">\n\t\t\t\t\t<h4 class=\"elementor-heading-title elementor-size-default\">Betall\u00f6sningar<\/h4>\t\t\t\t<\/div>\n\t\t\t\t<\/div>\n\t\t\t\t<div class=\"elementor-element elementor-element-a3453a6 elementor-align-center elementor-widget elementor-widget-button\" data-id=\"a3453a6\" data-element_type=\"widget\" data-e-type=\"widget\" data-widget_type=\"button.default\">\n\t\t\t\t<div class=\"elementor-widget-container\">\n\t\t\t\t\t\t\t\t\t<div class=\"elementor-button-wrapper\">\n\t\t\t\t\t<a class=\"elementor-button elementor-button-link elementor-size-sm\" href=\"\/kontakt\/\">\n\t\t\t\t\t\t<span class=\"elementor-button-content-wrapper\">\n\t\t\t\t\t\t\t\t\t<span class=\"elementor-button-text\">Kontakta oss idag<\/span>\n\t\t\t\t\t<\/span>\n\t\t\t\t\t<\/a>\n\t\t\t\t<\/div>\n\t\t\t\t\t\t\t\t<\/div>\n\t\t\t\t<\/div>\n\t\t\t\t\t<\/div>\n\t\t<\/div>\n\t\t\t\t\t<\/div>\n\t\t<\/section>\n\t\t\t\t\t<\/div>\n\t\t<\/div>\n\t\t\t\t\t<\/div>\n\t\t<\/section>\n\t\t\t\t<\/div>\n\t\t","protected":false},"excerpt":{"rendered":"<p>Smartkyl Betalsystem Se v\u00e5ra betall\u00f6sningar f\u00f6r smartkyl I en smart microbutik \u00f6ppnar kunden bara d\u00f6rren efter att ha blippat sitt betalkort, k\u00e4nner och kl\u00e4mmer p\u00e5 varorna och st\u00e4nger sedan d\u00f6rren. Smartkylen eller smartfrysen k\u00e4nner av vilka varor som tagits och debiterar kortet. Enkelt och smidigt. \u200bDen supersmarta tekniken l\u00e5ter dig dessutom g\u00f6ra priskampanjer, rabattera produkter [&hellip;]<\/p>\n","protected":false},"author":6,"featured_media":0,"parent":0,"menu_order":0,"comment_status":"closed","ping_status":"closed","template":"","meta":{"site-sidebar-layout":"no-sidebar","site-content-layout":"page-builder","ast-site-content-layout":"full-width-container","site-content-style":"default","site-sidebar-style":"default","ast-global-header-display":"","ast-banner-title-visibility":"","ast-main-header-display":"","ast-hfb-above-header-display":"","ast-hfb-below-header-display":"","ast-hfb-mobile-header-display":"","site-post-title":"disabled","ast-breadcrumbs-content":"","ast-featured-img":"disabled","footer-sml-layout":"","ast-disable-related-posts":"","theme-transparent-header-meta":"","adv-header-id-meta":"","stick-header-meta":"","header-above-stick-meta":"","header-main-stick-meta":"","header-below-stick-meta":"","astra-migrate-meta-layouts":"set","ast-page-background-enabled":"default","ast-page-background-meta":{"desktop":{"background-color":"","background-image":"","background-repeat":"repeat","background-position":"center center","background-size":"auto","background-attachment":"scroll","background-type":"","background-media":"","overlay-type":"","overlay-color":"","overlay-opacity":"","overlay-gradient":""},"tablet":{"background-color":"","background-image":"","background-repeat":"repeat","background-position":"center center","background-size":"auto","background-attachment":"scroll","background-type":"","background-media":"","overlay-type":"","overlay-color":"","overlay-opacity":"","overlay-gradient":""},"mobile":{"background-color":"","background-image":"","background-repeat":"repeat","background-position":"center center","background-size":"auto","background-attachment":"scroll","background-type":"","background-media":"","overlay-type":"","overlay-color":"","overlay-opacity":"","overlay-gradient":""}},"ast-content-background-meta":{"desktop":{"background-color":"var(--ast-global-color-5)","background-image":"","background-repeat":"repeat","background-position":"center center","background-size":"auto","background-attachment":"scroll","background-type":"","background-media":"","overlay-type":"","overlay-color":"","overlay-opacity":"","overlay-gradient":""},"tablet":{"background-color":"var(--ast-global-color-5)","background-image":"","background-repeat":"repeat","background-position":"center center","background-size":"auto","background-attachment":"scroll","background-type":"","background-media":"","overlay-type":"","overlay-color":"","overlay-opacity":"","overlay-gradient":""},"mobile":{"background-color":"var(--ast-global-color-5)","background-image":"","background-repeat":"repeat","background-position":"center center","background-size":"auto","background-attachment":"scroll","background-type":"","background-media":"","overlay-type":"","overlay-color":"","overlay-opacity":"","overlay-gradient":""}},"footnotes":""},"class_list":["post-1871","page","type-page","status-publish","hentry"],"_links":{"self":[{"href":"https:\/\/vpsalestech.se\/nb\/wp-json\/wp\/v2\/pages\/1871","targetHints":{"allow":["GET"]}}],"collection":[{"href":"https:\/\/vpsalestech.se\/nb\/wp-json\/wp\/v2\/pages"}],"about":[{"href":"https:\/\/vpsalestech.se\/nb\/wp-json\/wp\/v2\/types\/page"}],"author":[{"embeddable":true,"href":"https:\/\/vpsalestech.se\/nb\/wp-json\/wp\/v2\/users\/6"}],"replies":[{"embeddable":true,"href":"https:\/\/vpsalestech.se\/nb\/wp-json\/wp\/v2\/comments?post=1871"}],"version-history":[{"count":32,"href":"https:\/\/vpsalestech.se\/nb\/wp-json\/wp\/v2\/pages\/1871\/revisions"}],"predecessor-version":[{"id":4761,"href":"https:\/\/vpsalestech.se\/nb\/wp-json\/wp\/v2\/pages\/1871\/revisions\/4761"}],"wp:attachment":[{"href":"https:\/\/vpsalestech.se\/nb\/wp-json\/wp\/v2\/media?parent=1871"}],"curies":[{"name":"wp","href":"https:\/\/api.w.org\/{rel}","templated":true}]}}